{"id":120,"date":"2019-09-13T08:45:41","date_gmt":"2019-09-13T05:45:41","guid":{"rendered":"http:\/\/www.butiktii.fi\/?page_id=120"},"modified":"2019-10-16T17:00:51","modified_gmt":"2019-10-16T14:00:51","slug":"korjaus","status":"publish","type":"page","link":"https:\/\/www.butiktii.fi\/index.php\/korjaus\/","title":{"rendered":"Korjaus"},"content":{"rendered":"\n<h3 class=\"wp-block-heading\">Kaipaako nahkavaatteesi korjausta tai p\u00e4ivityst\u00e4? <\/h3>\n\n\n\n<p>Onko vetoketju rikki tai oletko saanut vaatteeseen<br>ik\u00e4v\u00e4n repeytym\u00e4n?<\/p>\n\n\n\n<p>Korjaamme ammattitaidolla ja huolehdimme<br>nahkavaatteesi taas k\u00e4ytt\u00f6kuntoon. <\/p>\n\n\n\n<figure class=\"wp-block-image is-resized\"><a href=\"https:\/\/www.butiktii.fi\/wp-content\/uploads\/2019\/10\/1-Neuleet-ja-nahka-088.jpg\"><img fetchpriority=\"high\" decoding=\"async\" src=\"http:\/\/www.butiktii.fi\/wp-content\/uploads\/2019\/10\/1-Neuleet-ja-nahka-088.jpg\" alt=\"\" class=\"wp-image-196\" width=\"400\" height=\"300\" srcset=\"https:\/\/www.butiktii.fi\/wp-content\/uploads\/2019\/10\/1-Neuleet-ja-nahka-088.jpg 800w, https:\/\/www.butiktii.fi\/wp-content\/uploads\/2019\/10\/1-Neuleet-ja-nahka-088-300x225.jpg 300w, https:\/\/www.butiktii.fi\/wp-content\/uploads\/2019\/10\/1-Neuleet-ja-nahka-088-768x576.jpg 768w\" sizes=\"(max-width: 400px) 100vw, 400px\" \/><\/a><\/figure>\n","protected":false},"excerpt":{"rendered":"<p>Kaipaako nahkavaatteesi korjausta tai p\u00e4ivityst\u00e4? Onko vetoketju rikki tai oletko saanut vaatteeseenik\u00e4v\u00e4n repeytym\u00e4n? Korjaamme ammattitaidolla ja huolehdimmenahkavaatteesi taas k\u00e4ytt\u00f6kuntoon.<\/p>\n","protected":false},"author":1,"featured_media":0,"parent":0,"menu_order":0,"comment_status":"closed","ping_status":"closed","template":"","meta":{"ngg_post_thumbnail":0,"footnotes":""},"class_list":["post-120","page","type-page","status-publish","hentry"],"_links":{"self":[{"href":"https:\/\/www.butiktii.fi\/index.php\/wp-json\/wp\/v2\/pages\/120","targetHints":{"allow":["GET"]}}],"collection":[{"href":"https:\/\/www.butiktii.fi\/index.php\/wp-json\/wp\/v2\/pages"}],"about":[{"href":"https:\/\/www.butiktii.fi\/index.php\/wp-json\/wp\/v2\/types\/page"}],"author":[{"embeddable":true,"href":"https:\/\/www.butiktii.fi\/index.php\/wp-json\/wp\/v2\/users\/1"}],"replies":[{"embeddable":true,"href":"https:\/\/www.butiktii.fi\/index.php\/wp-json\/wp\/v2\/comments?post=120"}],"version-history":[{"count":7,"href":"https:\/\/www.butiktii.fi\/index.php\/wp-json\/wp\/v2\/pages\/120\/revisions"}],"predecessor-version":[{"id":439,"href":"https:\/\/www.butiktii.fi\/index.php\/wp-json\/wp\/v2\/pages\/120\/revisions\/439"}],"wp:attachment":[{"href":"https:\/\/www.butiktii.fi\/index.php\/wp-json\/wp\/v2\/media?parent=120"}],"curies":[{"name":"wp","href":"https:\/\/api.w.org\/{rel}","templated":true}]}}