{"id":44,"date":"2019-08-07T14:47:47","date_gmt":"2019-08-07T11:47:47","guid":{"rendered":"http:\/\/www.butiktii.fi\/?page_id=44"},"modified":"2019-10-16T16:59:57","modified_gmt":"2019-10-16T13:59:57","slug":"sisustus","status":"publish","type":"page","link":"https:\/\/www.butiktii.fi\/index.php\/sisustus\/","title":{"rendered":"Sisustus"},"content":{"rendered":"\n<h3 class=\"wp-block-heading\">Vanhasta turkista tyylikkyytt\u00e4 sisustukseen!<\/h3>\n\n\n\n<p>Tied\u00e4tk\u00f6 mit\u00e4 kaikkea vanhasta turkista on mahdollista valmistaa?<br>Joskus vanhan turkin materiaali toimii paremmin <br>sisustustuotteena tai asusteena kuin vaatteena.<\/p>\n\n\n\nngg_shortcode_0_placeholder\n\n\n\n<figure class=\"wp-block-image\"><img fetchpriority=\"high\" decoding=\"async\" width=\"480\" height=\"340\" src=\"http:\/\/www.butiktii.fi\/wp-content\/uploads\/2019\/07\/1-1-1-Piisamipeitto-125.jpg\" alt=\"\" class=\"wp-image-10\" srcset=\"https:\/\/www.butiktii.fi\/wp-content\/uploads\/2019\/07\/1-1-1-Piisamipeitto-125.jpg 480w, https:\/\/www.butiktii.fi\/wp-content\/uploads\/2019\/07\/1-1-1-Piisamipeitto-125-300x213.jpg 300w\" sizes=\"(max-width: 480px) 100vw, 480px\" \/><\/figure>\n\n\n\n<p>Turkkiin liittyy usein my\u00f6s rakkaita muistoja mitk\u00e4 halutaan s\u00e4ilytt\u00e4\u00e4 ja antaa turkille uusi el\u00e4m\u00e4. <br>Turkista valmistettuun peittoon on ihana k\u00e4\u00e4riyty\u00e4 ulkona kev\u00e4ttalven auringossa tai syksyn tummana sateisena iltana. Kierr\u00e4tt\u00e4m\u00e4ll\u00e4 vanha turkki on my\u00f6s mainio vaihtoehto lammastaljalle. <br>Turkis on loistava materiaali my\u00f6s sisustustyynyiss\u00e4 tai tuolinp\u00e4\u00e4llisiss\u00e4.<\/p>\n\n\n\n<p>Ideoimme estottomasti ja valmistamme Sinulle parhaan mahdollisen lopputuloksen. <\/p>\n\n\n\nngg_shortcode_1_placeholder\n","protected":false},"excerpt":{"rendered":"<p>Vanhasta turkista tyylikkyytt\u00e4 sisustukseen! Tied\u00e4tk\u00f6 mit\u00e4 kaikkea vanhasta turkista on mahdollista valmistaa?Joskus vanhan turkin materiaali toimii paremmin sisustustuotteena tai asusteena kuin vaatteena. Turkkiin liittyy usein&hellip;<\/p>\n","protected":false},"author":1,"featured_media":0,"parent":0,"menu_order":0,"comment_status":"closed","ping_status":"closed","template":"","meta":{"ngg_post_thumbnail":0,"footnotes":""},"class_list":["post-44","page","type-page","status-publish","hentry"],"_links":{"self":[{"href":"https:\/\/www.butiktii.fi\/index.php\/wp-json\/wp\/v2\/pages\/44","targetHints":{"allow":["GET"]}}],"collection":[{"href":"https:\/\/www.butiktii.fi\/index.php\/wp-json\/wp\/v2\/pages"}],"about":[{"href":"https:\/\/www.butiktii.fi\/index.php\/wp-json\/wp\/v2\/types\/page"}],"author":[{"embeddable":true,"href":"https:\/\/www.butiktii.fi\/index.php\/wp-json\/wp\/v2\/users\/1"}],"replies":[{"embeddable":true,"href":"https:\/\/www.butiktii.fi\/index.php\/wp-json\/wp\/v2\/comments?post=44"}],"version-history":[{"count":18,"href":"https:\/\/www.butiktii.fi\/index.php\/wp-json\/wp\/v2\/pages\/44\/revisions"}],"predecessor-version":[{"id":438,"href":"https:\/\/www.butiktii.fi\/index.php\/wp-json\/wp\/v2\/pages\/44\/revisions\/438"}],"wp:attachment":[{"href":"https:\/\/www.butiktii.fi\/index.php\/wp-json\/wp\/v2\/media?parent=44"}],"curies":[{"name":"wp","href":"https:\/\/api.w.org\/{rel}","templated":true}]}}