{"id":49,"date":"2019-08-07T14:52:40","date_gmt":"2019-08-07T11:52:40","guid":{"rendered":"http:\/\/www.butiktii.fi\/?page_id=49"},"modified":"2019-10-14T18:21:30","modified_gmt":"2019-10-14T15:21:30","slug":"turkit","status":"publish","type":"page","link":"https:\/\/www.butiktii.fi\/index.php\/turkit\/","title":{"rendered":"Turkit"},"content":{"rendered":"\n<h3 class=\"wp-block-heading\">Moderni turkisvaate sopii kaikenik\u00e4isille!<\/h3>\n\n\n\n<p>Turkki on nyky\u00e4\u00e4n nuorekas, kevyt, ilmava ja trendik\u00e4s.<\/p>\n\n\n\n<figure class=\"wp-block-image is-resized\"><img fetchpriority=\"high\" decoding=\"async\" src=\"http:\/\/www.butiktii.fi\/wp-content\/uploads\/2019\/10\/1-_MG_9771-726x1024.jpg\" alt=\"\" class=\"wp-image-211\" width=\"363\" height=\"512\"\/><\/figure>\n\n\n\n<p>Turkis on kehitelty muuttuneisiin ilmasto-olosuhteisiin, talven pakkasiin tai vesisateisiin.<\/p>\n\n\n\n<p>Oletko haaveillut uudesta turkista, etsinytkin, <br>mutta et ole l\u00f6yt\u00e4nyt valmiina juuri sit\u00e4 oikeaa?<br>butiktii valmistaa mittatilausty\u00f6n\u00e4 uudet turkit,<br>Sinun tarpeisiisi sopivan; mallin, v\u00e4rin, materiaalin sek\u00e4 k\u00e4ytt\u00f6tarkoituksen huomioiden. <\/p>\n\n\n\n<p>K\u00e4yt\u00f6ss\u00e4 ajan patinaa saaneet painavat turkit muodistamme aivan uuteen kuosiin, t\u00e4ysin erilaisiksi ja keveiksi eri valmistustekniikoilla. P\u00e4ivit\u00e4mme ja kevenn\u00e4mme mallia esimerkiksi olkalinjaa kaventamalla, lyhent\u00e4m\u00e4ll\u00e4 turkkia tai muuttamalla kaulusta. <\/p>\n\n\n\n<p>Kerromme my\u00f6s rehellisesti, jos turkkia ei kuntonsa vuoksi kannata muodistaa.  Silti se voi viel\u00e4 kierr\u00e4tt\u00e4m\u00e4ll\u00e4 jatkaa el\u00e4m\u00e4\u00e4ns\u00e4 ja tuoda l\u00e4mp\u00f6\u00e4 taljana tai vaikkapa keng\u00e4npohjallisina. <\/p>\n\n\n\nngg_shortcode_0_placeholder\n","protected":false},"excerpt":{"rendered":"<p>Moderni turkisvaate sopii kaikenik\u00e4isille! Turkki on nyky\u00e4\u00e4n nuorekas, kevyt, ilmava ja trendik\u00e4s. Turkis on kehitelty muuttuneisiin ilmasto-olosuhteisiin, talven pakkasiin tai vesisateisiin. Oletko haaveillut uudesta turkista,&hellip;<\/p>\n","protected":false},"author":1,"featured_media":0,"parent":0,"menu_order":0,"comment_status":"closed","ping_status":"closed","template":"","meta":{"ngg_post_thumbnail":0,"footnotes":""},"class_list":["post-49","page","type-page","status-publish","hentry"],"_links":{"self":[{"href":"https:\/\/www.butiktii.fi\/index.php\/wp-json\/wp\/v2\/pages\/49","targetHints":{"allow":["GET"]}}],"collection":[{"href":"https:\/\/www.butiktii.fi\/index.php\/wp-json\/wp\/v2\/pages"}],"about":[{"href":"https:\/\/www.butiktii.fi\/index.php\/wp-json\/wp\/v2\/types\/page"}],"author":[{"embeddable":true,"href":"https:\/\/www.butiktii.fi\/index.php\/wp-json\/wp\/v2\/users\/1"}],"replies":[{"embeddable":true,"href":"https:\/\/www.butiktii.fi\/index.php\/wp-json\/wp\/v2\/comments?post=49"}],"version-history":[{"count":11,"href":"https:\/\/www.butiktii.fi\/index.php\/wp-json\/wp\/v2\/pages\/49\/revisions"}],"predecessor-version":[{"id":401,"href":"https:\/\/www.butiktii.fi\/index.php\/wp-json\/wp\/v2\/pages\/49\/revisions\/401"}],"wp:attachment":[{"href":"https:\/\/www.butiktii.fi\/index.php\/wp-json\/wp\/v2\/media?parent=49"}],"curies":[{"name":"wp","href":"https:\/\/api.w.org\/{rel}","templated":true}]}}