{"id":52,"date":"2019-08-07T14:52:09","date_gmt":"2019-08-07T11:52:09","guid":{"rendered":"http:\/\/www.butiktii.fi\/?page_id=52"},"modified":"2026-03-10T17:55:19","modified_gmt":"2026-03-10T15:55:19","slug":"butiktii","status":"publish","type":"page","link":"https:\/\/www.butiktii.fi\/","title":{"rendered":"butiktii"},"content":{"rendered":"\n<div class=\"wp-block-columns is-layout-flex wp-container-core-columns-is-layout-9d6595d7 wp-block-columns-is-layout-flex\">\n<div class=\"wp-block-column is-layout-flow wp-block-column-is-layout-flow\">\n<h4 class=\"wp-block-heading\">AMMATTILAISELTA JUURI SINULLE SOPIVA MALLI!<\/h4>\n\n\n\n<p>butiktii on erikoistunut luomaan ainutlaatuisia vaatteita jo yli 40 -vuoden ajan.<br>Asiantuntijana valmistamme juuri Sinun parhaat puolesi <br>esille tuovan mallin, jossa viihdyt pitk\u00e4\u00e4n. <br>Laadukas vaate on sijoitus, joka tuo arvonsa takaisin pitk\u00e4n\u00e4 k\u00e4ytt\u00f6ik\u00e4n\u00e4 ja asuna, johon ihastut yh\u00e4 uudelleen.<\/p>\n\n\n\n<p>Nahka ja turkis ovat kest\u00e4vin\u00e4 materiaaleina ekologisia.<br>P\u00e4ivit\u00e4mme vanhatkin nahka- ja turkisasut trendikk\u00e4iksi malleiksi.<br>Vanhat turkit kierr\u00e4t\u00e4mme idearikkaasti erilaisiksi asusteiksi tai sisustustuotteiksi; peitoiksi, tyynyiksi tai tuolinp\u00e4\u00e4llisiksi. <\/p>\n\n\n\n<p>Kaikki valmistamamme tuotteet ovat suomalaista <br>suunnittelua ja k\u00e4sity\u00f6t\u00e4.<\/p>\n\n\n\n<h4 class=\"wp-block-heading\">TURKISTEN HUOLTO<\/h4>\n\n\n\n<p>V\u00e4lit\u00e4mme turkit ammattitaitoiseen puhdistukseen <br>sek\u00e4 kes\u00e4s\u00e4ilytykseen.<\/p>\n<\/div>\n\n\n\n<div class=\"wp-block-column is-layout-flow wp-block-column-is-layout-flow\">\n<figure class=\"wp-block-image size-large\"><img fetchpriority=\"high\" decoding=\"async\" width=\"707\" height=\"1024\" src=\"http:\/\/www.butiktii.fi\/wp-content\/uploads\/2019\/10\/1-_MG_1217-001-707x1024.jpg\" alt=\"\" class=\"wp-image-210\" srcset=\"https:\/\/www.butiktii.fi\/wp-content\/uploads\/2019\/10\/1-_MG_1217-001.jpg 707w, https:\/\/www.butiktii.fi\/wp-content\/uploads\/2019\/10\/1-_MG_1217-001-207x300.jpg 207w\" sizes=\"(max-width: 707px) 100vw, 707px\" \/><\/figure>\n<\/div>\n<\/div>\n","protected":false},"excerpt":{"rendered":"<p>AMMATTILAISELTA JUURI SINULLE SOPIVA MALLI! butiktii on erikoistunut luomaan ainutlaatuisia vaatteita jo yli 40 -vuoden ajan.Asiantuntijana valmistamme juuri Sinun parhaat puolesi esille tuovan mallin, jossa&hellip;<\/p>\n","protected":false},"author":1,"featured_media":0,"parent":0,"menu_order":0,"comment_status":"closed","ping_status":"closed","template":"","meta":{"ngg_post_thumbnail":0,"footnotes":""},"class_list":["post-52","page","type-page","status-publish","hentry"],"_links":{"self":[{"href":"https:\/\/www.butiktii.fi\/index.php\/wp-json\/wp\/v2\/pages\/52","targetHints":{"allow":["GET"]}}],"collection":[{"href":"https:\/\/www.butiktii.fi\/index.php\/wp-json\/wp\/v2\/pages"}],"about":[{"href":"https:\/\/www.butiktii.fi\/index.php\/wp-json\/wp\/v2\/types\/page"}],"author":[{"embeddable":true,"href":"https:\/\/www.butiktii.fi\/index.php\/wp-json\/wp\/v2\/users\/1"}],"replies":[{"embeddable":true,"href":"https:\/\/www.butiktii.fi\/index.php\/wp-json\/wp\/v2\/comments?post=52"}],"version-history":[{"count":20,"href":"https:\/\/www.butiktii.fi\/index.php\/wp-json\/wp\/v2\/pages\/52\/revisions"}],"predecessor-version":[{"id":728,"href":"https:\/\/www.butiktii.fi\/index.php\/wp-json\/wp\/v2\/pages\/52\/revisions\/728"}],"wp:attachment":[{"href":"https:\/\/www.butiktii.fi\/index.php\/wp-json\/wp\/v2\/media?parent=52"}],"curies":[{"name":"wp","href":"https:\/\/api.w.org\/{rel}","templated":true}]}}